{"id":1616,"date":"2024-10-29T14:07:01","date_gmt":"2024-10-29T14:07:01","guid":{"rendered":"https:\/\/c2122593.ferozo.com\/?page_id=1616"},"modified":"2024-11-08T14:46:43","modified_gmt":"2024-11-08T14:46:43","slug":"expansion-internacional","status":"publish","type":"page","link":"https:\/\/brachtconsulting.com.ar\/es_ar\/expansion-internacional\/","title":{"rendered":"Expansi\u00f3n Internacional"},"content":{"rendered":"\t\t<div data-elementor-type=\"wp-page\" data-elementor-id=\"1616\" class=\"elementor elementor-1616\" data-elementor-settings=\"{&quot;ha_cmc_init_switcher&quot;:&quot;no&quot;}\">\n\t\t\t\t<div class=\"elementor-element elementor-element-4588100 e-con-full e-flex e-con e-parent\" data-id=\"4588100\" data-element_type=\"container\" data-e-type=\"container\" data-settings=\"{&quot;_ha_eqh_enable&quot;:false}\">\n\t\t<div class=\"elementor-element elementor-element-9d75c2e element-pack-agbg-yes e-flex e-con-boxed e-con e-child\" data-id=\"9d75c2e\" data-element_type=\"container\" data-e-type=\"container\" data-settings=\"{&quot;background_background&quot;:&quot;classic&quot;,&quot;element_pack_agbg_color_list&quot;:[{&quot;_id&quot;:&quot;5ebe709&quot;,&quot;start_color&quot;:&quot;#471A3C&quot;,&quot;end_color&quot;:&quot;#fefefe&quot;},{&quot;start_color&quot;:&quot;#D3D3D3&quot;,&quot;end_color&quot;:&quot;#010063&quot;,&quot;_id&quot;:&quot;93ddd7e&quot;}],&quot;element_pack_agbg_show&quot;:&quot;yes&quot;,&quot;element_pack_agbg_direction&quot;:&quot;diagonal&quot;,&quot;element_pack_agbg_transitionSpeed&quot;:{&quot;unit&quot;:&quot;px&quot;,&quot;size&quot;:&quot;&quot;,&quot;sizes&quot;:[]},&quot;_ha_eqh_enable&quot;:false}\">\n\t\t\t\t\t<div class=\"e-con-inner\">\n\t\t<div class=\"elementor-element elementor-element-493b9f2 e-con-full e-flex e-con e-child\" data-id=\"493b9f2\" data-element_type=\"container\" data-e-type=\"container\" data-settings=\"{&quot;_ha_eqh_enable&quot;:false}\">\n\t\t\t\t<div class=\"elementor-element elementor-element-7fbb135 elementor-widget elementor-widget-heading\" data-id=\"7fbb135\" data-element_type=\"widget\" data-e-type=\"widget\" data-widget_type=\"heading.default\">\n\t\t\t\t<div class=\"elementor-widget-container\">\n\t\t\t\t\t<h2 class=\"elementor-heading-title elementor-size-default\">Expansi\u00f3n Internacional<\/h2>\t\t\t\t<\/div>\n\t\t\t\t<\/div>\n\t\t\t\t<\/div>\n\t\t\t\t\t<\/div>\n\t\t\t\t<\/div>\n\t\t\t\t<\/div>\n\t\t<div class=\"elementor-element elementor-element-dd14993 e-flex e-con-boxed e-con e-parent\" data-id=\"dd14993\" data-element_type=\"container\" data-e-type=\"container\" data-settings=\"{&quot;_ha_eqh_enable&quot;:false}\">\n\t\t\t\t\t<div class=\"e-con-inner\">\n\t\t<div class=\"elementor-element elementor-element-08988ff e-con-full e-flex e-con e-child\" data-id=\"08988ff\" data-element_type=\"container\" data-e-type=\"container\" data-settings=\"{&quot;_ha_eqh_enable&quot;:false}\">\n\t\t\t\t<div class=\"elementor-element elementor-element-beee7a8 elementor-widget elementor-widget-text-editor\" data-id=\"beee7a8\" data-element_type=\"widget\" data-e-type=\"widget\" data-widget_type=\"text-editor.default\">\n\t\t\t\t<div class=\"elementor-widget-container\">\n\t\t\t\t\t\t\t\t\t<p class=\"western\" lang=\"en-US\">En nuestra firma, acompa\u00f1amos a las empresas en su entrada y crecimiento en el mercado argentino, combinando nuestro conocimiento local con una visi\u00f3n internacional.<\/p>\t\t\t\t\t\t\t\t<\/div>\n\t\t\t\t<\/div>\n\t\t\t\t<\/div>\n\t\t\t\t\t<\/div>\n\t\t\t\t<\/div>\n\t\t<div class=\"elementor-element elementor-element-fdf63f3 e-flex e-con-boxed e-con e-parent\" data-id=\"fdf63f3\" data-element_type=\"container\" data-e-type=\"container\" data-settings=\"{&quot;_ha_eqh_enable&quot;:false}\">\n\t\t\t\t\t<div class=\"e-con-inner\">\n\t\t\t\t<div class=\"elementor-element elementor-element-998ff7f elementor-widget elementor-widget-heading\" data-id=\"998ff7f\" data-element_type=\"widget\" data-e-type=\"widget\" data-widget_type=\"heading.default\">\n\t\t\t\t<div class=\"elementor-widget-container\">\n\t\t\t\t\t<h2 class=\"elementor-heading-title elementor-size-default\">Nuestra experiencia a tu servicio<\/h2>\t\t\t\t<\/div>\n\t\t\t\t<\/div>\n\t\t\t\t<div class=\"elementor-element elementor-element-31df879 elementor-widget elementor-widget-text-editor\" data-id=\"31df879\" data-element_type=\"widget\" data-e-type=\"widget\" data-widget_type=\"text-editor.default\">\n\t\t\t\t<div class=\"elementor-widget-container\">\n\t\t\t\t\t\t\t\t\t<p>Con a\u00f1os de trayectoria, somos el aliado ideal para facilitar los primeros pasos de las empresas en Argentina, brindando un apoyo continuo durante su desarrollo local. Nos especializamos en las \u00e1reas de Administraci\u00f3n y Finanzas, garantizando una comprensi\u00f3n clara de la normativa vigente en un entorno din\u00e1mico y desafiante.<\/p>\t\t\t\t\t\t\t\t<\/div>\n\t\t\t\t<\/div>\n\t\t\t\t\t<\/div>\n\t\t\t\t<\/div>\n\t\t<div class=\"elementor-element elementor-element-7b296f3 e-flex e-con-boxed e-con e-parent\" data-id=\"7b296f3\" data-element_type=\"container\" data-e-type=\"container\" data-settings=\"{&quot;_ha_eqh_enable&quot;:false}\">\n\t\t\t\t\t<div class=\"e-con-inner\">\n\t\t\t\t<div class=\"elementor-element elementor-element-2c16461 elementor-widget elementor-widget-heading\" data-id=\"2c16461\" data-element_type=\"widget\" data-e-type=\"widget\" data-widget_type=\"heading.default\">\n\t\t\t\t<div class=\"elementor-widget-container\">\n\t\t\t\t\t<h2 class=\"elementor-heading-title elementor-size-default\">Compromiso y confianza<\/h2>\t\t\t\t<\/div>\n\t\t\t\t<\/div>\n\t\t\t\t<div class=\"elementor-element elementor-element-173bcfb elementor-widget elementor-widget-text-editor\" data-id=\"173bcfb\" data-element_type=\"widget\" data-e-type=\"widget\" data-widget_type=\"text-editor.default\">\n\t\t\t\t<div class=\"elementor-widget-container\">\n\t\t\t\t\t\t\t\t\t<p>Fomentamos relaciones duraderas con nuestros clientes, reconociendo las diferencias culturales y las demandas corporativas, y priorizando el cumplimiento riguroso de nuestras obligaciones. Nuestro equipo est\u00e1 capacitado para brindar atenci\u00f3n internacional de excelencia, comprometido con la mejora continua y la formaci\u00f3n constante.<\/p>\t\t\t\t\t\t\t\t<\/div>\n\t\t\t\t<\/div>\n\t\t\t\t\t<\/div>\n\t\t\t\t<\/div>\n\t\t<div class=\"elementor-element elementor-element-eb467ac e-flex e-con-boxed e-con e-parent\" data-id=\"eb467ac\" data-element_type=\"container\" data-e-type=\"container\" data-settings=\"{&quot;_ha_eqh_enable&quot;:false}\">\n\t\t\t\t\t<div class=\"e-con-inner\">\n\t\t\t\t<div class=\"elementor-element elementor-element-65feff6 elementor-widget elementor-widget-heading\" data-id=\"65feff6\" data-element_type=\"widget\" data-e-type=\"widget\" data-widget_type=\"heading.default\">\n\t\t\t\t<div class=\"elementor-widget-container\">\n\t\t\t\t\t<h2 class=\"elementor-heading-title elementor-size-default\">Expansi\u00f3n internacional<\/h2>\t\t\t\t<\/div>\n\t\t\t\t<\/div>\n\t\t\t\t<div class=\"elementor-element elementor-element-8a41b2d elementor-widget elementor-widget-text-editor\" data-id=\"8a41b2d\" data-element_type=\"widget\" data-e-type=\"widget\" data-widget_type=\"text-editor.default\">\n\t\t\t\t<div class=\"elementor-widget-container\">\n\t\t\t\t\t\t\t\t\t<p>A trav\u00e9s de alianzas estrat\u00e9gicas, apoyamos la expansi\u00f3n de nuestros clientes en Latinoam\u00e9rica y otras regiones del mundo, convirti\u00e9ndonos en su socio de confianza en cada paso del camino.<\/p>\t\t\t\t\t\t\t\t<\/div>\n\t\t\t\t<\/div>\n\t\t\t\t\t<\/div>\n\t\t\t\t<\/div>\n\t\t<div class=\"elementor-element elementor-element-cb64edf e-flex e-con-boxed e-con e-parent\" data-id=\"cb64edf\" data-element_type=\"container\" data-e-type=\"container\" data-settings=\"{&quot;_ha_eqh_enable&quot;:false}\">\n\t\t\t\t\t<div class=\"e-con-inner\">\n\t\t\t\t<div class=\"elementor-element elementor-element-e67a64a elementor-widget elementor-widget-heading\" data-id=\"e67a64a\" data-element_type=\"widget\" data-e-type=\"widget\" data-widget_type=\"heading.default\">\n\t\t\t\t<div class=\"elementor-widget-container\">\n\t\t\t\t\t<h2 class=\"elementor-heading-title elementor-size-default\">Exportaci\u00f3n de servicios<\/h2>\t\t\t\t<\/div>\n\t\t\t\t<\/div>\n\t\t\t\t<div class=\"elementor-element elementor-element-f473bdb elementor-widget elementor-widget-text-editor\" data-id=\"f473bdb\" data-element_type=\"widget\" data-e-type=\"widget\" data-widget_type=\"text-editor.default\">\n\t\t\t\t<div class=\"elementor-widget-container\">\n\t\t\t\t\t\t\t\t\t<p>Creemos en el crecimiento mediante la exportaci\u00f3n de servicios. Estamos dando los primeros pasos hacia ello, con nuestros aliados internacionales.<\/p>\t\t\t\t\t\t\t\t<\/div>\n\t\t\t\t<\/div>\n\t\t\t\t\t<\/div>\n\t\t\t\t<\/div>\n\t\t<div class=\"elementor-element elementor-element-3092f0d e-flex e-con-boxed e-con e-parent\" data-id=\"3092f0d\" data-element_type=\"container\" data-e-type=\"container\" data-settings=\"{&quot;_ha_eqh_enable&quot;:false}\">\n\t\t\t\t\t<div class=\"e-con-inner\">\n\t\t<div class=\"elementor-element elementor-element-c4e1166 e-con-full e-flex e-con e-child\" data-id=\"c4e1166\" data-element_type=\"container\" data-e-type=\"container\" data-settings=\"{&quot;background_background&quot;:&quot;classic&quot;,&quot;_ha_eqh_enable&quot;:false}\">\n\t\t<div class=\"elementor-element elementor-element-c6cfc90 e-con-full e-flex e-con e-child\" data-id=\"c6cfc90\" data-element_type=\"container\" data-e-type=\"container\" data-settings=\"{&quot;background_background&quot;:&quot;classic&quot;,&quot;_ha_eqh_enable&quot;:false}\">\n\t\t<div class=\"elementor-element elementor-element-3671f46 e-con-full e-flex e-con e-child\" data-id=\"3671f46\" data-element_type=\"container\" data-e-type=\"container\" data-settings=\"{&quot;_ha_eqh_enable&quot;:false}\">\n\t\t\t\t<div class=\"elementor-element elementor-element-8ff510f elementor-widget elementor-widget-heading\" data-id=\"8ff510f\" data-element_type=\"widget\" data-e-type=\"widget\" data-widget_type=\"heading.default\">\n\t\t\t\t<div class=\"elementor-widget-container\">\n\t\t\t\t\t<h2 class=\"elementor-heading-title elementor-size-default\">Brindamos asesoramiento con la m\u00e1s alta calidad profesional.<\/h2>\t\t\t\t<\/div>\n\t\t\t\t<\/div>\n\t\t\t\t<\/div>\n\t\t<div class=\"elementor-element elementor-element-8c13f86 e-con-full e-flex e-con e-child\" data-id=\"8c13f86\" data-element_type=\"container\" data-e-type=\"container\" data-settings=\"{&quot;_ha_eqh_enable&quot;:false}\">\n\t\t\t\t<div class=\"elementor-element elementor-element-773852e elementor-align-center elementor-widget elementor-widget-button\" data-id=\"773852e\" data-element_type=\"widget\" data-e-type=\"widget\" data-widget_type=\"button.default\">\n\t\t\t\t<div class=\"elementor-widget-container\">\n\t\t\t\t\t\t\t\t\t<div class=\"elementor-button-wrapper\">\n\t\t\t\t\t<a class=\"elementor-button elementor-button-link elementor-size-sm\" href=\"https:\/\/brachtconsulting.com.ar\/contacto\/\">\n\t\t\t\t\t\t<span class=\"elementor-button-content-wrapper\">\n\t\t\t\t\t\t<span class=\"elementor-button-icon\">\n\t\t\t\t<svg xmlns=\"http:\/\/www.w3.org\/2000\/svg\" height=\"24px\" viewBox=\"0 -960 960 960\" width=\"24px\" fill=\"#ffffff\"><path d=\"m216-160-56-56 464-464H360v-80h400v400h-80v-264L216-160Z\"><\/path><\/svg>\t\t\t<\/span>\n\t\t\t\t\t\t\t\t\t<span class=\"elementor-button-text\">Contactanos<\/span>\n\t\t\t\t\t<\/span>\n\t\t\t\t\t<\/a>\n\t\t\t\t<\/div>\n\t\t\t\t\t\t\t\t<\/div>\n\t\t\t\t<\/div>\n\t\t\t\t<\/div>\n\t\t\t\t<\/div>\n\t\t\t\t<\/div>\n\t\t\t\t\t<\/div>\n\t\t\t\t<\/div>\n\t\t<div class=\"elementor-element elementor-element-9ae548b e-flex e-con-boxed e-con e-parent\" data-id=\"9ae548b\" data-element_type=\"container\" data-e-type=\"container\" data-settings=\"{&quot;_ha_eqh_enable&quot;:false}\">\n\t\t\t\t\t<div class=\"e-con-inner\">\n\t\t\t\t<div class=\"elementor-element elementor-element-f042033 elementor-widget elementor-widget-spacer\" data-id=\"f042033\" data-element_type=\"widget\" data-e-type=\"widget\" data-widget_type=\"spacer.default\">\n\t\t\t\t<div class=\"elementor-widget-container\">\n\t\t\t\t\t\t\t<div class=\"elementor-spacer\">\n\t\t\t<div class=\"elementor-spacer-inner\"><\/div>\n\t\t<\/div>\n\t\t\t\t\t\t<\/div>\n\t\t\t\t<\/div>\n\t\t\t\t\t<\/div>\n\t\t\t\t<\/div>\n\t\t\t\t<\/div>\n\t\t","protected":false},"excerpt":{"rendered":"<p>Expansi\u00f3n Internacional En nuestra firma, acompa\u00f1amos a las empresas en su entrada y crecimiento en el mercado argentino, combinando nuestro conocimiento local con una visi\u00f3n internacional. Nuestra experiencia a tu servicio Con a\u00f1os de trayectoria, somos el aliado ideal para facilitar los primeros pasos de las empresas en Argentina, brindando un apoyo continuo durante su [&hellip;]<\/p>\n","protected":false},"author":1,"featured_media":0,"parent":0,"menu_order":0,"comment_status":"closed","ping_status":"closed","template":"elementor_canvas","meta":{"footnotes":""},"class_list":["post-1616","page","type-page","status-publish","hentry"],"_links":{"self":[{"href":"https:\/\/brachtconsulting.com.ar\/es_ar\/wp-json\/wp\/v2\/pages\/1616","targetHints":{"allow":["GET"]}}],"collection":[{"href":"https:\/\/brachtconsulting.com.ar\/es_ar\/wp-json\/wp\/v2\/pages"}],"about":[{"href":"https:\/\/brachtconsulting.com.ar\/es_ar\/wp-json\/wp\/v2\/types\/page"}],"author":[{"embeddable":true,"href":"https:\/\/brachtconsulting.com.ar\/es_ar\/wp-json\/wp\/v2\/users\/1"}],"replies":[{"embeddable":true,"href":"https:\/\/brachtconsulting.com.ar\/es_ar\/wp-json\/wp\/v2\/comments?post=1616"}],"version-history":[{"count":25,"href":"https:\/\/brachtconsulting.com.ar\/es_ar\/wp-json\/wp\/v2\/pages\/1616\/revisions"}],"predecessor-version":[{"id":1942,"href":"https:\/\/brachtconsulting.com.ar\/es_ar\/wp-json\/wp\/v2\/pages\/1616\/revisions\/1942"}],"wp:attachment":[{"href":"https:\/\/brachtconsulting.com.ar\/es_ar\/wp-json\/wp\/v2\/media?parent=1616"}],"curies":[{"name":"wp","href":"https:\/\/api.w.org\/{rel}","templated":true}]}}