{"id":1171,"date":"2024-10-07T21:25:21","date_gmt":"2024-10-07T21:25:21","guid":{"rendered":"https:\/\/c2122593.ferozo.com\/?page_id=1171"},"modified":"2024-11-08T14:43:47","modified_gmt":"2024-11-08T14:43:47","slug":"payroll-y-servicios-de-recursos-humanos","status":"publish","type":"page","link":"https:\/\/brachtconsulting.com.ar\/es_ar\/payroll-y-servicios-de-recursos-humanos\/","title":{"rendered":"Payroll y Servicios de Recursos Humanos"},"content":{"rendered":"\t\t<div data-elementor-type=\"wp-page\" data-elementor-id=\"1171\" class=\"elementor elementor-1171\" data-elementor-settings=\"{&quot;ha_cmc_init_switcher&quot;:&quot;no&quot;}\">\n\t\t\t\t<div class=\"elementor-element elementor-element-4588100 e-con-full e-flex e-con e-parent\" data-id=\"4588100\" data-element_type=\"container\" data-e-type=\"container\" data-settings=\"{&quot;_ha_eqh_enable&quot;:false}\">\n\t\t<div class=\"elementor-element elementor-element-9d75c2e element-pack-agbg-yes e-flex e-con-boxed e-con e-child\" data-id=\"9d75c2e\" data-element_type=\"container\" data-e-type=\"container\" data-settings=\"{&quot;background_background&quot;:&quot;classic&quot;,&quot;element_pack_agbg_color_list&quot;:[{&quot;_id&quot;:&quot;5ebe709&quot;,&quot;start_color&quot;:&quot;#471A3C&quot;,&quot;end_color&quot;:&quot;#fefefe&quot;},{&quot;start_color&quot;:&quot;#D3D3D3&quot;,&quot;end_color&quot;:&quot;#010063&quot;,&quot;_id&quot;:&quot;93ddd7e&quot;}],&quot;element_pack_agbg_show&quot;:&quot;yes&quot;,&quot;element_pack_agbg_direction&quot;:&quot;diagonal&quot;,&quot;element_pack_agbg_transitionSpeed&quot;:{&quot;unit&quot;:&quot;px&quot;,&quot;size&quot;:&quot;&quot;,&quot;sizes&quot;:[]},&quot;_ha_eqh_enable&quot;:false}\">\n\t\t\t\t\t<div class=\"e-con-inner\">\n\t\t<div class=\"elementor-element elementor-element-493b9f2 e-con-full e-flex e-con e-child\" data-id=\"493b9f2\" data-element_type=\"container\" data-e-type=\"container\" data-settings=\"{&quot;_ha_eqh_enable&quot;:false}\">\n\t\t\t\t<div class=\"elementor-element elementor-element-7fbb135 elementor-widget elementor-widget-heading\" data-id=\"7fbb135\" data-element_type=\"widget\" data-e-type=\"widget\" data-widget_type=\"heading.default\">\n\t\t\t\t<div class=\"elementor-widget-container\">\n\t\t\t\t\t<h2 class=\"elementor-heading-title elementor-size-default\">Payroll y Servicios de Recursos Humanos<\/h2>\t\t\t\t<\/div>\n\t\t\t\t<\/div>\n\t\t\t\t<\/div>\n\t\t\t\t\t<\/div>\n\t\t\t\t<\/div>\n\t\t\t\t<\/div>\n\t\t<div class=\"elementor-element elementor-element-dd14993 e-flex e-con-boxed e-con e-parent\" data-id=\"dd14993\" data-element_type=\"container\" data-e-type=\"container\" data-settings=\"{&quot;_ha_eqh_enable&quot;:false}\">\n\t\t\t\t\t<div class=\"e-con-inner\">\n\t\t<div class=\"elementor-element elementor-element-08988ff e-con-full e-flex e-con e-child\" data-id=\"08988ff\" data-element_type=\"container\" data-e-type=\"container\" data-settings=\"{&quot;_ha_eqh_enable&quot;:false}\">\n\t\t\t\t<div class=\"elementor-element elementor-element-beee7a8 elementor-widget elementor-widget-text-editor\" data-id=\"beee7a8\" data-element_type=\"widget\" data-e-type=\"widget\" data-widget_type=\"text-editor.default\">\n\t\t\t\t<div class=\"elementor-widget-container\">\n\t\t\t\t\t\t\t\t\t<p class=\"western\">Entendemos la importancia del cumplimiento de la ley y el cuidado del equipo de trabajo. Te acompa\u00f1amos en cada paso asegurando tu tranquilidad y la satisfacci\u00f3n de tus empleados.<\/p>\t\t\t\t\t\t\t\t<\/div>\n\t\t\t\t<\/div>\n\t\t\t\t<\/div>\n\t\t\t\t\t<\/div>\n\t\t\t\t<\/div>\n\t\t<div class=\"elementor-element elementor-element-fdf63f3 e-flex e-con-boxed e-con e-parent\" data-id=\"fdf63f3\" data-element_type=\"container\" data-e-type=\"container\" data-settings=\"{&quot;_ha_eqh_enable&quot;:false}\">\n\t\t\t\t\t<div class=\"e-con-inner\">\n\t\t\t\t<div class=\"elementor-element elementor-element-998ff7f elementor-widget elementor-widget-heading\" data-id=\"998ff7f\" data-element_type=\"widget\" data-e-type=\"widget\" data-widget_type=\"heading.default\">\n\t\t\t\t<div class=\"elementor-widget-container\">\n\t\t\t\t\t<h2 class=\"elementor-heading-title elementor-size-default\">PAYROLL - GESTI\u00d3N DE N\u00d3MINA<\/h2>\t\t\t\t<\/div>\n\t\t\t\t<\/div>\n\t\t\t\t<div class=\"elementor-element elementor-element-31df879 elementor-widget elementor-widget-text-editor\" data-id=\"31df879\" data-element_type=\"widget\" data-e-type=\"widget\" data-widget_type=\"text-editor.default\">\n\t\t\t\t<div class=\"elementor-widget-container\">\n\t\t\t\t\t\t\t\t\t<p>Colaboramos estrechamente con los equipos legales y de recursos humanos de tu compa\u00f1\u00eda, coordinando y ejecutando cada proceso para garantizar resultados precisos.<\/p><ul><li>Altas, bajas y modificaciones en la n\u00f3mina.<\/li><li>Liquidaci\u00f3n de salarios mensuales o quincenales.<\/li><li>C\u00e1lculo y liquidaci\u00f3n de Cargas Sociales y obligaciones sindicales.<\/li><li>C\u00e1lculo y liquidaci\u00f3n de Impuesto a la Ganancias sobre la n\u00f3mina.<\/li><li>Emisi\u00f3n de recibos.<\/li><li>Emisi\u00f3n de Libro Ley.<\/li><li>Proyecciones salariales.<\/li><\/ul>\t\t\t\t\t\t\t\t<\/div>\n\t\t\t\t<\/div>\n\t\t\t\t\t<\/div>\n\t\t\t\t<\/div>\n\t\t<div class=\"elementor-element elementor-element-7b296f3 e-flex e-con-boxed e-con e-parent\" data-id=\"7b296f3\" data-element_type=\"container\" data-e-type=\"container\" data-settings=\"{&quot;_ha_eqh_enable&quot;:false}\">\n\t\t\t\t\t<div class=\"e-con-inner\">\n\t\t\t\t<div class=\"elementor-element elementor-element-2c16461 elementor-widget elementor-widget-heading\" data-id=\"2c16461\" data-element_type=\"widget\" data-e-type=\"widget\" data-widget_type=\"heading.default\">\n\t\t\t\t<div class=\"elementor-widget-container\">\n\t\t\t\t\t<h2 class=\"elementor-heading-title elementor-size-default\">SERVICIOS DE ADMINISTRACI\u00d3N DE PERSONAL<\/h2>\t\t\t\t<\/div>\n\t\t\t\t<\/div>\n\t\t\t\t<div class=\"elementor-element elementor-element-173bcfb elementor-widget elementor-widget-text-editor\" data-id=\"173bcfb\" data-element_type=\"widget\" data-e-type=\"widget\" data-widget_type=\"text-editor.default\">\n\t\t\t\t<div class=\"elementor-widget-container\">\n\t\t\t\t\t\t\t\t\t<p>Si no dispones de una estructura interna, puedes delegar en nosotros las tareas administrativas de gesti\u00f3n de personal.<\/p><ul><li>Armado y mantenimiento de legajos del personal.<\/li><li>Seguimiento de ART (Riesgo de trabajo).<\/li><li>Contrataci\u00f3n y control de medicina prepaga.<\/li><li>Contrataci\u00f3n y control de otros beneficios al Personal.<\/li><li>Procesos de On-Boarding<\/li><\/ul>\t\t\t\t\t\t\t\t<\/div>\n\t\t\t\t<\/div>\n\t\t\t\t\t<\/div>\n\t\t\t\t<\/div>\n\t\t<div class=\"elementor-element elementor-element-eb467ac e-flex e-con-boxed e-con e-parent\" data-id=\"eb467ac\" data-element_type=\"container\" data-e-type=\"container\" data-settings=\"{&quot;_ha_eqh_enable&quot;:false}\">\n\t\t\t\t\t<div class=\"e-con-inner\">\n\t\t\t\t<div class=\"elementor-element elementor-element-65feff6 elementor-widget elementor-widget-heading\" data-id=\"65feff6\" data-element_type=\"widget\" data-e-type=\"widget\" data-widget_type=\"heading.default\">\n\t\t\t\t<div class=\"elementor-widget-container\">\n\t\t\t\t\t<h2 class=\"elementor-heading-title elementor-size-default\">OTROS SERVICIOS RR.HH.<\/h2>\t\t\t\t<\/div>\n\t\t\t\t<\/div>\n\t\t\t\t<div class=\"elementor-element elementor-element-8a41b2d elementor-widget elementor-widget-text-editor\" data-id=\"8a41b2d\" data-element_type=\"widget\" data-e-type=\"widget\" data-widget_type=\"text-editor.default\">\n\t\t\t\t<div class=\"elementor-widget-container\">\n\t\t\t\t\t\t\t\t\t<ul><li>Reclutamiento y Selecci\u00f3n.<\/li><li>Dotaci\u00f3n de personal de corto, mediano y largo plazo.<\/li><li>Servicios de recursos propios para cobertura de puestos de mediana gerencia y puestos operativos por estacionalidad o proyectos especiales.<\/li><li>Asesoramiento y gesti\u00f3n de beneficios al personal.<\/li><li>Coaching organizacional.<\/li><li>Programas de capacitaci\u00f3n a medida.<\/li><li>EOR (Employment of Record)<\/li><\/ul>\t\t\t\t\t\t\t\t<\/div>\n\t\t\t\t<\/div>\n\t\t\t\t\t<\/div>\n\t\t\t\t<\/div>\n\t\t<div class=\"elementor-element elementor-element-3092f0d e-flex e-con-boxed e-con e-parent\" data-id=\"3092f0d\" data-element_type=\"container\" data-e-type=\"container\" data-settings=\"{&quot;_ha_eqh_enable&quot;:false}\">\n\t\t\t\t\t<div class=\"e-con-inner\">\n\t\t<div class=\"elementor-element elementor-element-c4e1166 e-con-full e-flex e-con e-child\" data-id=\"c4e1166\" data-element_type=\"container\" data-e-type=\"container\" data-settings=\"{&quot;background_background&quot;:&quot;classic&quot;,&quot;_ha_eqh_enable&quot;:false}\">\n\t\t<div class=\"elementor-element elementor-element-c6cfc90 e-con-full e-flex e-con e-child\" data-id=\"c6cfc90\" data-element_type=\"container\" data-e-type=\"container\" data-settings=\"{&quot;background_background&quot;:&quot;classic&quot;,&quot;_ha_eqh_enable&quot;:false}\">\n\t\t<div class=\"elementor-element elementor-element-3671f46 e-con-full e-flex e-con e-child\" data-id=\"3671f46\" data-element_type=\"container\" data-e-type=\"container\" data-settings=\"{&quot;_ha_eqh_enable&quot;:false}\">\n\t\t\t\t<div class=\"elementor-element elementor-element-8ff510f elementor-widget elementor-widget-heading\" data-id=\"8ff510f\" data-element_type=\"widget\" data-e-type=\"widget\" data-widget_type=\"heading.default\">\n\t\t\t\t<div class=\"elementor-widget-container\">\n\t\t\t\t\t<h2 class=\"elementor-heading-title elementor-size-default\">Brindamos asesoramiento con la m\u00e1s alta calidad profesional.<\/h2>\t\t\t\t<\/div>\n\t\t\t\t<\/div>\n\t\t\t\t<\/div>\n\t\t<div class=\"elementor-element elementor-element-8c13f86 e-con-full e-flex e-con e-child\" data-id=\"8c13f86\" data-element_type=\"container\" data-e-type=\"container\" data-settings=\"{&quot;_ha_eqh_enable&quot;:false}\">\n\t\t\t\t<div class=\"elementor-element elementor-element-773852e elementor-align-center elementor-widget elementor-widget-button\" data-id=\"773852e\" data-element_type=\"widget\" data-e-type=\"widget\" data-widget_type=\"button.default\">\n\t\t\t\t<div class=\"elementor-widget-container\">\n\t\t\t\t\t\t\t\t\t<div class=\"elementor-button-wrapper\">\n\t\t\t\t\t<a class=\"elementor-button elementor-button-link elementor-size-sm\" href=\"https:\/\/brachtconsulting.com.ar\/contacto\/\">\n\t\t\t\t\t\t<span class=\"elementor-button-content-wrapper\">\n\t\t\t\t\t\t<span class=\"elementor-button-icon\">\n\t\t\t\t<svg xmlns=\"http:\/\/www.w3.org\/2000\/svg\" height=\"24px\" viewBox=\"0 -960 960 960\" width=\"24px\" fill=\"#ffffff\"><path d=\"m216-160-56-56 464-464H360v-80h400v400h-80v-264L216-160Z\"><\/path><\/svg>\t\t\t<\/span>\n\t\t\t\t\t\t\t\t\t<span class=\"elementor-button-text\">Contactanos<\/span>\n\t\t\t\t\t<\/span>\n\t\t\t\t\t<\/a>\n\t\t\t\t<\/div>\n\t\t\t\t\t\t\t\t<\/div>\n\t\t\t\t<\/div>\n\t\t\t\t<\/div>\n\t\t\t\t<\/div>\n\t\t\t\t<\/div>\n\t\t\t\t\t<\/div>\n\t\t\t\t<\/div>\n\t\t<div class=\"elementor-element elementor-element-9f496f6 e-flex e-con-boxed e-con e-parent\" data-id=\"9f496f6\" data-element_type=\"container\" data-e-type=\"container\" data-settings=\"{&quot;_ha_eqh_enable&quot;:false}\">\n\t\t\t\t\t<div class=\"e-con-inner\">\n\t\t\t\t<div class=\"elementor-element elementor-element-7b86b77 elementor-widget elementor-widget-spacer\" data-id=\"7b86b77\" data-element_type=\"widget\" data-e-type=\"widget\" data-widget_type=\"spacer.default\">\n\t\t\t\t<div class=\"elementor-widget-container\">\n\t\t\t\t\t\t\t<div class=\"elementor-spacer\">\n\t\t\t<div class=\"elementor-spacer-inner\"><\/div>\n\t\t<\/div>\n\t\t\t\t\t\t<\/div>\n\t\t\t\t<\/div>\n\t\t\t\t\t<\/div>\n\t\t\t\t<\/div>\n\t\t\t\t<\/div>\n\t\t","protected":false},"excerpt":{"rendered":"<p>Payroll y Servicios de Recursos Humanos Entendemos la importancia del cumplimiento de la ley y el cuidado del equipo de trabajo. Te acompa\u00f1amos en cada paso asegurando tu tranquilidad y la satisfacci\u00f3n de tus empleados. PAYROLL &#8211; GESTI\u00d3N DE N\u00d3MINA Colaboramos estrechamente con los equipos legales y de recursos humanos de tu compa\u00f1\u00eda, coordinando y [&hellip;]<\/p>\n","protected":false},"author":1,"featured_media":0,"parent":0,"menu_order":0,"comment_status":"closed","ping_status":"closed","template":"elementor_canvas","meta":{"footnotes":""},"class_list":["post-1171","page","type-page","status-publish","hentry"],"_links":{"self":[{"href":"https:\/\/brachtconsulting.com.ar\/es_ar\/wp-json\/wp\/v2\/pages\/1171","targetHints":{"allow":["GET"]}}],"collection":[{"href":"https:\/\/brachtconsulting.com.ar\/es_ar\/wp-json\/wp\/v2\/pages"}],"about":[{"href":"https:\/\/brachtconsulting.com.ar\/es_ar\/wp-json\/wp\/v2\/types\/page"}],"author":[{"embeddable":true,"href":"https:\/\/brachtconsulting.com.ar\/es_ar\/wp-json\/wp\/v2\/users\/1"}],"replies":[{"embeddable":true,"href":"https:\/\/brachtconsulting.com.ar\/es_ar\/wp-json\/wp\/v2\/comments?post=1171"}],"version-history":[{"count":9,"href":"https:\/\/brachtconsulting.com.ar\/es_ar\/wp-json\/wp\/v2\/pages\/1171\/revisions"}],"predecessor-version":[{"id":1930,"href":"https:\/\/brachtconsulting.com.ar\/es_ar\/wp-json\/wp\/v2\/pages\/1171\/revisions\/1930"}],"wp:attachment":[{"href":"https:\/\/brachtconsulting.com.ar\/es_ar\/wp-json\/wp\/v2\/media?parent=1171"}],"curies":[{"name":"wp","href":"https:\/\/api.w.org\/{rel}","templated":true}]}}