{"id":1154,"date":"2024-10-07T21:08:55","date_gmt":"2024-10-07T21:08:55","guid":{"rendered":"https:\/\/c2122593.ferozo.com\/?page_id=1154"},"modified":"2024-11-08T14:45:07","modified_gmt":"2024-11-08T14:45:07","slug":"startup","status":"publish","type":"page","link":"https:\/\/brachtconsulting.com.ar\/es_ar\/startup\/","title":{"rendered":"Startup"},"content":{"rendered":"\t\t<div data-elementor-type=\"wp-page\" data-elementor-id=\"1154\" class=\"elementor elementor-1154\" data-elementor-settings=\"{&quot;ha_cmc_init_switcher&quot;:&quot;no&quot;}\">\n\t\t\t\t<div class=\"elementor-element elementor-element-4588100 e-con-full e-flex e-con e-parent\" data-id=\"4588100\" data-element_type=\"container\" data-e-type=\"container\" data-settings=\"{&quot;_ha_eqh_enable&quot;:false}\">\n\t\t<div class=\"elementor-element elementor-element-9d75c2e element-pack-agbg-yes e-flex e-con-boxed e-con e-child\" data-id=\"9d75c2e\" data-element_type=\"container\" data-e-type=\"container\" data-settings=\"{&quot;background_background&quot;:&quot;classic&quot;,&quot;element_pack_agbg_color_list&quot;:[{&quot;_id&quot;:&quot;5ebe709&quot;,&quot;start_color&quot;:&quot;#471A3C&quot;,&quot;end_color&quot;:&quot;#fefefe&quot;},{&quot;start_color&quot;:&quot;#D3D3D3&quot;,&quot;end_color&quot;:&quot;#010063&quot;,&quot;_id&quot;:&quot;93ddd7e&quot;}],&quot;element_pack_agbg_show&quot;:&quot;yes&quot;,&quot;element_pack_agbg_direction&quot;:&quot;diagonal&quot;,&quot;element_pack_agbg_transitionSpeed&quot;:{&quot;unit&quot;:&quot;px&quot;,&quot;size&quot;:&quot;&quot;,&quot;sizes&quot;:[]},&quot;_ha_eqh_enable&quot;:false}\">\n\t\t\t\t\t<div class=\"e-con-inner\">\n\t\t<div class=\"elementor-element elementor-element-493b9f2 e-con-full e-flex e-con e-child\" data-id=\"493b9f2\" data-element_type=\"container\" data-e-type=\"container\" data-settings=\"{&quot;_ha_eqh_enable&quot;:false}\">\n\t\t\t\t<div class=\"elementor-element elementor-element-7fbb135 elementor-widget elementor-widget-heading\" data-id=\"7fbb135\" data-element_type=\"widget\" data-e-type=\"widget\" data-widget_type=\"heading.default\">\n\t\t\t\t<div class=\"elementor-widget-container\">\n\t\t\t\t\t<h2 class=\"elementor-heading-title elementor-size-default\">Startup<\/h2>\t\t\t\t<\/div>\n\t\t\t\t<\/div>\n\t\t\t\t<\/div>\n\t\t\t\t\t<\/div>\n\t\t\t\t<\/div>\n\t\t\t\t<\/div>\n\t\t<div class=\"elementor-element elementor-element-053a1b6 e-flex e-con-boxed e-con e-parent\" data-id=\"053a1b6\" data-element_type=\"container\" data-e-type=\"container\" data-settings=\"{&quot;_ha_eqh_enable&quot;:false}\">\n\t\t\t\t\t<div class=\"e-con-inner\">\n\t\t\t\t<div class=\"elementor-element elementor-element-59bd17c elementor-widget elementor-widget-text-editor\" data-id=\"59bd17c\" data-element_type=\"widget\" data-e-type=\"widget\" data-widget_type=\"text-editor.default\">\n\t\t\t\t<div class=\"elementor-widget-container\">\n\t\t\t\t\t\t\t\t\t<p class=\"western\">Unimos fuerzas con expertos legales para asegurar un inicio s\u00f3lido y exitoso para su proyecto.<\/p>\t\t\t\t\t\t\t\t<\/div>\n\t\t\t\t<\/div>\n\t\t\t\t\t<\/div>\n\t\t\t\t<\/div>\n\t\t<div class=\"elementor-element elementor-element-e0b6151 e-flex e-con-boxed e-con e-parent\" data-id=\"e0b6151\" data-element_type=\"container\" data-e-type=\"container\" data-settings=\"{&quot;_ha_eqh_enable&quot;:false}\">\n\t\t\t\t\t<div class=\"e-con-inner\">\n\t\t<div class=\"elementor-element elementor-element-72b347d e-con-full e-flex e-con e-child\" data-id=\"72b347d\" data-element_type=\"container\" data-e-type=\"container\" data-settings=\"{&quot;_ha_eqh_enable&quot;:false}\">\n\t\t\t\t<div class=\"elementor-element elementor-element-f393476 elementor-widget elementor-widget-text-editor\" data-id=\"f393476\" data-element_type=\"widget\" data-e-type=\"widget\" data-widget_type=\"text-editor.default\">\n\t\t\t\t<div class=\"elementor-widget-container\">\n\t\t\t\t\t\t\t\t\t<ul><li><p>Registraci\u00f3n legal de la compa\u00f1\u00eda.<\/p><\/li><li><p>Inscripci\u00f3n de la compa\u00f1\u00eda en los organismos fiscales nacionales, provinciales y municipales.<\/p><\/li><li><p>Asesoramiento impositivo inicial de acuerdo a la actividad.<\/p><\/li><li><p>Presentaci\u00f3n a entidades bancarias y financieras del pa\u00eds.<\/p><\/li><li><p>Apertura de cuentas bancarias.<\/p><\/li><li><p>Alta en sistemas de pagos bancarios (Interbanking u otros).<\/p><\/li><li><p>Definici\u00f3n de los procesos administrativos de la compa\u00f1\u00eda.<\/p><\/li><li><p>Asesoramiento general sobre temas de n\u00f3mina.<\/p><\/li><li><p>Altas de empleador en distintos organismos.<\/p><\/li><\/ul>\t\t\t\t\t\t\t\t<\/div>\n\t\t\t\t<\/div>\n\t\t\t\t<\/div>\n\t\t\t\t\t<\/div>\n\t\t\t\t<\/div>\n\t\t<div class=\"elementor-element elementor-element-5cc1ee2 e-flex e-con-boxed e-con e-parent\" data-id=\"5cc1ee2\" data-element_type=\"container\" data-e-type=\"container\" data-settings=\"{&quot;_ha_eqh_enable&quot;:false}\">\n\t\t\t\t\t<div class=\"e-con-inner\">\n\t\t<div class=\"elementor-element elementor-element-d158c46 e-con-full e-flex e-con e-child\" data-id=\"d158c46\" data-element_type=\"container\" data-e-type=\"container\" data-settings=\"{&quot;background_background&quot;:&quot;classic&quot;,&quot;_ha_eqh_enable&quot;:false}\">\n\t\t<div class=\"elementor-element elementor-element-bf4f4d8 e-con-full e-flex e-con e-child\" data-id=\"bf4f4d8\" data-element_type=\"container\" data-e-type=\"container\" data-settings=\"{&quot;background_background&quot;:&quot;classic&quot;,&quot;_ha_eqh_enable&quot;:false}\">\n\t\t<div class=\"elementor-element elementor-element-0a5d84c e-con-full e-flex e-con e-child\" data-id=\"0a5d84c\" data-element_type=\"container\" data-e-type=\"container\" data-settings=\"{&quot;_ha_eqh_enable&quot;:false}\">\n\t\t\t\t<div class=\"elementor-element elementor-element-a97e2c3 elementor-widget elementor-widget-heading\" data-id=\"a97e2c3\" data-element_type=\"widget\" data-e-type=\"widget\" data-widget_type=\"heading.default\">\n\t\t\t\t<div class=\"elementor-widget-container\">\n\t\t\t\t\t<h2 class=\"elementor-heading-title elementor-size-default\">Brindamos asesoramiento con la m\u00e1s alta calidad profesional.<\/h2>\t\t\t\t<\/div>\n\t\t\t\t<\/div>\n\t\t\t\t<\/div>\n\t\t<div class=\"elementor-element elementor-element-43b5ebc e-con-full e-flex e-con e-child\" data-id=\"43b5ebc\" data-element_type=\"container\" data-e-type=\"container\" data-settings=\"{&quot;_ha_eqh_enable&quot;:false}\">\n\t\t\t\t<div data-ha-element-link=\"{&quot;url&quot;:&quot;http:\\\/\\\/c2122593.ferozo.com\\\/contacto\\\/&quot;,&quot;is_external&quot;:&quot;&quot;,&quot;nofollow&quot;:&quot;&quot;}\" style=\"cursor: pointer\" class=\"elementor-element elementor-element-36b581b elementor-align-right elementor-widget elementor-widget-button\" data-id=\"36b581b\" data-element_type=\"widget\" data-e-type=\"widget\" data-widget_type=\"button.default\">\n\t\t\t\t<div class=\"elementor-widget-container\">\n\t\t\t\t\t\t\t\t\t<div class=\"elementor-button-wrapper\">\n\t\t\t\t\t<a class=\"elementor-button elementor-button-link elementor-size-sm\" href=\"https:\/\/brachtconsulting.com.ar\/contacto\/\">\n\t\t\t\t\t\t<span class=\"elementor-button-content-wrapper\">\n\t\t\t\t\t\t<span class=\"elementor-button-icon\">\n\t\t\t\t<svg xmlns=\"http:\/\/www.w3.org\/2000\/svg\" height=\"24px\" viewBox=\"0 -960 960 960\" width=\"24px\" fill=\"#ffffff\"><path d=\"m216-160-56-56 464-464H360v-80h400v400h-80v-264L216-160Z\"><\/path><\/svg>\t\t\t<\/span>\n\t\t\t\t\t\t\t\t\t<span class=\"elementor-button-text\">Contactanos<\/span>\n\t\t\t\t\t<\/span>\n\t\t\t\t\t<\/a>\n\t\t\t\t<\/div>\n\t\t\t\t\t\t\t\t<\/div>\n\t\t\t\t<\/div>\n\t\t\t\t<\/div>\n\t\t\t\t<\/div>\n\t\t\t\t<\/div>\n\t\t\t\t\t<\/div>\n\t\t\t\t<\/div>\n\t\t<div class=\"elementor-element elementor-element-4a3fedc e-flex e-con-boxed e-con e-parent\" data-id=\"4a3fedc\" data-element_type=\"container\" data-e-type=\"container\" data-settings=\"{&quot;_ha_eqh_enable&quot;:false}\">\n\t\t\t\t\t<div class=\"e-con-inner\">\n\t\t\t\t<div class=\"elementor-element elementor-element-4d8d241 elementor-widget elementor-widget-spacer\" data-id=\"4d8d241\" data-element_type=\"widget\" data-e-type=\"widget\" data-widget_type=\"spacer.default\">\n\t\t\t\t<div class=\"elementor-widget-container\">\n\t\t\t\t\t\t\t<div class=\"elementor-spacer\">\n\t\t\t<div class=\"elementor-spacer-inner\"><\/div>\n\t\t<\/div>\n\t\t\t\t\t\t<\/div>\n\t\t\t\t<\/div>\n\t\t\t\t\t<\/div>\n\t\t\t\t<\/div>\n\t\t\t\t<\/div>\n\t\t","protected":false},"excerpt":{"rendered":"<p>Startup Unimos fuerzas con expertos legales para asegurar un inicio s\u00f3lido y exitoso para su proyecto. Registraci\u00f3n legal de la compa\u00f1\u00eda. Inscripci\u00f3n de la compa\u00f1\u00eda en los organismos fiscales nacionales, provinciales y municipales. Asesoramiento impositivo inicial de acuerdo a la actividad. Presentaci\u00f3n a entidades bancarias y financieras del pa\u00eds. Apertura de cuentas bancarias. Alta en [&hellip;]<\/p>\n","protected":false},"author":1,"featured_media":0,"parent":0,"menu_order":0,"comment_status":"closed","ping_status":"closed","template":"elementor_canvas","meta":{"footnotes":""},"class_list":["post-1154","page","type-page","status-publish","hentry"],"_links":{"self":[{"href":"https:\/\/brachtconsulting.com.ar\/es_ar\/wp-json\/wp\/v2\/pages\/1154","targetHints":{"allow":["GET"]}}],"collection":[{"href":"https:\/\/brachtconsulting.com.ar\/es_ar\/wp-json\/wp\/v2\/pages"}],"about":[{"href":"https:\/\/brachtconsulting.com.ar\/es_ar\/wp-json\/wp\/v2\/types\/page"}],"author":[{"embeddable":true,"href":"https:\/\/brachtconsulting.com.ar\/es_ar\/wp-json\/wp\/v2\/users\/1"}],"replies":[{"embeddable":true,"href":"https:\/\/brachtconsulting.com.ar\/es_ar\/wp-json\/wp\/v2\/comments?post=1154"}],"version-history":[{"count":15,"href":"https:\/\/brachtconsulting.com.ar\/es_ar\/wp-json\/wp\/v2\/pages\/1154\/revisions"}],"predecessor-version":[{"id":1936,"href":"https:\/\/brachtconsulting.com.ar\/es_ar\/wp-json\/wp\/v2\/pages\/1154\/revisions\/1936"}],"wp:attachment":[{"href":"https:\/\/brachtconsulting.com.ar\/es_ar\/wp-json\/wp\/v2\/media?parent=1154"}],"curies":[{"name":"wp","href":"https:\/\/api.w.org\/{rel}","templated":true}]}}